{"id":137,"date":"2011-05-23T14:32:10","date_gmt":"2011-05-23T13:32:10","guid":{"rendered":"http:\/\/alupromet.me\/?page_id=137"},"modified":"2011-10-19T14:19:34","modified_gmt":"2011-10-19T13:19:34","slug":"drvene-trakaste-zavjese","status":"publish","type":"page","link":"https:\/\/alupromet.me\/?page_id=137","title":{"rendered":"Drveni Venecijaneri"},"content":{"rendered":"<p>Uvijek aktuelni i fantasti\u010dnog izgeleda i dizajna, drveni venecijaneri su izvanredan izbor. Mogu\u0107e je odabrati vi\u0161e-koloritnih varijanti.<!--more--><\/p>\n<p><a href=\"http:\/\/alupromet.me\/wp-content\/uploads\/2011\/05\/IMG_0654-drveni-ven.jpg\"><img decoding=\"async\" loading=\"lazy\" class=\"alignleft size-full wp-image-139\" title=\"IMG_0654-drveni-ven\" src=\"http:\/\/alupromet.me\/wp-content\/uploads\/2011\/05\/IMG_0654-drveni-ven.jpg\" alt=\"\" width=\"700\" height=\"525\" srcset=\"https:\/\/alupromet.me\/wp-content\/uploads\/2011\/05\/IMG_0654-drveni-ven.jpg 700w, https:\/\/alupromet.me\/wp-content\/uploads\/2011\/05\/IMG_0654-drveni-ven-300x225.jpg 300w\" sizes=\"(max-width: 700px) 100vw, 700px\" \/><\/a><\/p>\n<p>&nbsp;<\/p>\n","protected":false},"excerpt":{"rendered":"<p>Uvijek aktuelni i fantasti\u010dnog izgeleda i dizajna, drveni venecijaneri su izvanredan izbor. Mogu\u0107e je odabrati vi\u0161e-koloritnih varijanti.<\/p>\n","protected":false},"author":2,"featured_media":138,"parent":26,"menu_order":0,"comment_status":"open","ping_status":"open","template":"","meta":{"ngg_post_thumbnail":0},"_links":{"self":[{"href":"https:\/\/alupromet.me\/index.php?rest_route=\/wp\/v2\/pages\/137"}],"collection":[{"href":"https:\/\/alupromet.me\/index.php?rest_route=\/wp\/v2\/pages"}],"about":[{"href":"https:\/\/alupromet.me\/index.php?rest_route=\/wp\/v2\/types\/page"}],"author":[{"embeddable":true,"href":"https:\/\/alupromet.me\/index.php?rest_route=\/wp\/v2\/users\/2"}],"replies":[{"embeddable":true,"href":"https:\/\/alupromet.me\/index.php?rest_route=%2Fwp%2Fv2%2Fcomments&post=137"}],"version-history":[{"count":6,"href":"https:\/\/alupromet.me\/index.php?rest_route=\/wp\/v2\/pages\/137\/revisions"}],"predecessor-version":[{"id":150,"href":"https:\/\/alupromet.me\/index.php?rest_route=\/wp\/v2\/pages\/137\/revisions\/150"}],"up":[{"embeddable":true,"href":"https:\/\/alupromet.me\/index.php?rest_route=\/wp\/v2\/pages\/26"}],"wp:featuredmedia":[{"embeddable":true,"href":"https:\/\/alupromet.me\/index.php?rest_route=\/wp\/v2\/media\/138"}],"wp:attachment":[{"href":"https:\/\/alupromet.me\/index.php?rest_route=%2Fwp%2Fv2%2Fmedia&parent=137"}],"curies":[{"name":"wp","href":"https:\/\/api.w.org\/{rel}","templated":true}]}}