{"id":143,"date":"2011-05-23T14:36:52","date_gmt":"2011-05-23T13:36:52","guid":{"rendered":"http:\/\/alupromet.me\/?page_id=143"},"modified":"2011-05-23T14:39:22","modified_gmt":"2011-05-23T13:39:22","slug":"stampa-po-zelji","status":"publish","type":"page","link":"https:\/\/alupromet.me\/?page_id=143","title":{"rendered":"\u0160tampa po \u017eelji"},"content":{"rendered":"<p>Od sada, Va\u0161e zavjese zavise isklju\u010divo od Va\u0161e ma\u0161te. Mo\u017eemo od\u0161tampati na njima sve \u0161to po\u017eelite ili zamislite.<!--more--><a href=\"http:\/\/alupromet.me\/wp-content\/uploads\/2011\/05\/IMG_0650-stampa-po-zelji.jpg\"><img decoding=\"async\" loading=\"lazy\" class=\"alignleft size-medium wp-image-145\" title=\"IMG_0650-stampa-po-zelji\" src=\"http:\/\/alupromet.me\/wp-content\/uploads\/2011\/05\/IMG_0650-stampa-po-zelji-225x300.jpg\" alt=\"\" width=\"225\" height=\"300\" srcset=\"https:\/\/alupromet.me\/wp-content\/uploads\/2011\/05\/IMG_0650-stampa-po-zelji-225x300.jpg 225w, https:\/\/alupromet.me\/wp-content\/uploads\/2011\/05\/IMG_0650-stampa-po-zelji.jpg 450w\" sizes=\"(max-width: 225px) 100vw, 225px\" \/><\/a><a href=\"http:\/\/alupromet.me\/wp-content\/uploads\/2011\/05\/IMG_0652-stampa-po-zelji.jpg\"><img decoding=\"async\" loading=\"lazy\" class=\"alignleft size-medium wp-image-146\" title=\"IMG_0652-stampa-po-zelji\" src=\"http:\/\/alupromet.me\/wp-content\/uploads\/2011\/05\/IMG_0652-stampa-po-zelji-225x300.jpg\" alt=\"\" width=\"225\" height=\"300\" srcset=\"https:\/\/alupromet.me\/wp-content\/uploads\/2011\/05\/IMG_0652-stampa-po-zelji-225x300.jpg 225w, https:\/\/alupromet.me\/wp-content\/uploads\/2011\/05\/IMG_0652-stampa-po-zelji.jpg 450w\" sizes=\"(max-width: 225px) 100vw, 225px\" \/><\/a><\/p>\n","protected":false},"excerpt":{"rendered":"<p>Od sada, Va\u0161e zavjese zavise isklju\u010divo od Va\u0161e ma\u0161te. Mo\u017eemo od\u0161tampati na njima sve \u0161to po\u017eelite ili zamislite.<\/p>\n","protected":false},"author":2,"featured_media":145,"parent":26,"menu_order":0,"comment_status":"open","ping_status":"open","template":"","meta":{"ngg_post_thumbnail":0},"_links":{"self":[{"href":"https:\/\/alupromet.me\/index.php?rest_route=\/wp\/v2\/pages\/143"}],"collection":[{"href":"https:\/\/alupromet.me\/index.php?rest_route=\/wp\/v2\/pages"}],"about":[{"href":"https:\/\/alupromet.me\/index.php?rest_route=\/wp\/v2\/types\/page"}],"author":[{"embeddable":true,"href":"https:\/\/alupromet.me\/index.php?rest_route=\/wp\/v2\/users\/2"}],"replies":[{"embeddable":true,"href":"https:\/\/alupromet.me\/index.php?rest_route=%2Fwp%2Fv2%2Fcomments&post=143"}],"version-history":[{"count":2,"href":"https:\/\/alupromet.me\/index.php?rest_route=\/wp\/v2\/pages\/143\/revisions"}],"predecessor-version":[{"id":147,"href":"https:\/\/alupromet.me\/index.php?rest_route=\/wp\/v2\/pages\/143\/revisions\/147"}],"up":[{"embeddable":true,"href":"https:\/\/alupromet.me\/index.php?rest_route=\/wp\/v2\/pages\/26"}],"wp:featuredmedia":[{"embeddable":true,"href":"https:\/\/alupromet.me\/index.php?rest_route=\/wp\/v2\/media\/145"}],"wp:attachment":[{"href":"https:\/\/alupromet.me\/index.php?rest_route=%2Fwp%2Fv2%2Fmedia&parent=143"}],"curies":[{"name":"wp","href":"https:\/\/api.w.org\/{rel}","templated":true}]}}