{"id":2,"date":"2010-09-18T13:07:22","date_gmt":"2010-09-18T13:07:22","guid":{"rendered":"http:\/\/alupromet.me\/?page_id=2"},"modified":"2011-03-04T18:18:16","modified_gmt":"2011-03-04T17:18:16","slug":"about","status":"publish","type":"page","link":"https:\/\/alupromet.me\/?page_id=2","title":{"rendered":"O nama"},"content":{"rendered":"<p>Alupromet je osnovan 2000. godine i za <a href=\"http:\/\/alupromet.me\/wp-content\/uploads\/2010\/09\/logoalupromet.jpg\"><img decoding=\"async\" loading=\"lazy\" class=\"alignleft size-full wp-image-31\" title=\"logoalupromet\" src=\"http:\/\/alupromet.me\/wp-content\/uploads\/2010\/09\/logoalupromet.jpg\" alt=\"\" width=\"150\" height=\"150\" srcset=\"https:\/\/alupromet.me\/wp-content\/uploads\/2010\/09\/logoalupromet-150x150.jpg 150w, https:\/\/alupromet.me\/wp-content\/uploads\/2010\/09\/logoalupromet-100x100.jpg 100w\" sizes=\"(max-width: 150px) 100vw, 150px\" \/><\/a>svega nekoliko godina smo od male, porodi\u010dne firme, narasli u jednu od najve\u0107ih firmi za opremanje i snabdijevanje enterijera i eksterijera proizvodima, koje detaljno predstavljamo na na\u0161em sajtu. Zapo\u0161ljavamo trenutno 5 stalno zaposlenih i 5 privremenih radnika.<\/p>\n<p>Alupromet je prepoznatljiva firma koja radi i posluje prvenstveno na teritoriji Crne Gore, ali uz veliki anga\u017eman i saradnju na\u0161ih partnera i van granica, pru\u017eaju\u0107i usluge u rezanju, monta\u017ei i ugradnji svih na\u0161ih proizvoda.<\/p>\n<p>Bavimo se pru\u017eanjem usluga rezanja, monta\u017ee, ugradnje svih na\u0161ih proizvoda.<\/p>\n<p>Na\u0161 proizvodni asortiman obuhvata proizvode koje izra\u0111ujemo u na\u0161oj radionici:<\/p>\n<ul>\n<li>Aluminijski i drveni venecijaneri,<\/li>\n<li>Trakaste zavjese,<\/li>\n<li>Rolo zavjese,<\/li>\n<li>Rimske-paketo zavjese,<\/li>\n<li>Panelne zavjese,<\/li>\n<li>Zebra zavjese\u00a0(eksluzivno za Crnu Goru),<\/li>\n<li>Zavjese Venus<\/li>\n<li>Aluminijske roletne,<\/li>\n<li>Rolo komarnici,<\/li>\n<li>Rolo gara\u017ena vrata.<\/li>\n<\/ul>\n<p>Vr\u0161imo maloprodaju i veleprodaju gotovih navedenih proizvoda, kao i repromaterijala za iste.<\/p>\n<p>U prvom planu smo postavili kvalitet proizvoda kao primat, ali stalnim razvijanjem, postigli smo puno na odr\u017eavanju i brzini isporuke. Iz tih razloga, klijenti i pojedin\u010dne mu\u0161terije nastavljaju sa nama saradnju, i preporu\u010duju nas novim kijentima &#8211; koji u najve\u0107em broju dolaze do nas upravo preko preporuke. Tako\u0111e, namjera nam je da ostvarimo \u0161irenje na\u0161eg preduze\u0107a i pove\u0107anje proizvodnog asortimana i snabdijevanje tr\u017ei\u0161ta sa novim proizvodima.<\/p>\n<p>Na\u0161u referentnu listu obuhvata veliki broj zadovoljnih klijenata, kako onih koji na\u0161e proizvode koriste u svojim domovima, tako i onih sa kojima smo ostvarili ve\u0107e poslove i zna\u010dajniju saradnju, kao \u0161to su npr:<\/p>\n<ul>\n<li>Monte Dekor, Bar<\/li>\n<li>Domovi zdravlja Podgorica<\/li>\n<li>YU Ing, Podgorica,<\/li>\n<li>Valexan, Tuzi, Podgorica<\/li>\n<li>Blind, Bar<\/li>\n<li>Nikoli\u0107i, Nik\u0161i\u0107<\/li>\n<li>Ideal DM &#8211; Magial, Herceg Novi&#8230;<\/li>\n<li>Kom Gloksir, Berane&#8230;\u00a0i mnogi drugi.<\/li>\n<\/ul>\n<p>Ali, iako je preporuka na\u0161 glavni marketin\u0161ki pristup klijentima, kao najve\u0107a mogu\u0107a garancija kvaliteta, pokrenuli smo ovu web stranicu sa namjerom da vam detaljnije predstavimo na\u0161 proizvodni program.<\/p>\n<p>Budite slobodni da nas kontaktirate u svakom trenutku, i u najbr\u017eem mogu\u0107em roku, iza\u0107i \u0107emo u susret va\u0161im zahtjevima.<\/p>\n<p>Srda\u010dno vas pozdravljam<\/p>\n<p><em><strong>Golubovi\u0107 Rajka, direktor<\/strong><\/em><\/p>\n","protected":false},"excerpt":{"rendered":"<p>Alupromet je osnovan 2000. godine i za svega nekoliko godina smo od male, porodi\u010dne firme, narasli u jednu od najve\u0107ih firmi za opremanje i snabdijevanje enterijera i eksterijera proizvodima, koje detaljno predstavljamo na na\u0161em sajtu. Zapo\u0161ljavamo trenutno 5 stalno zaposlenih i 5 privremenih radnika. Alupromet je prepoznatljiva firma koja radi i posluje prvenstveno na teritoriji [&hellip;]<\/p>\n","protected":false},"author":2,"featured_media":0,"parent":0,"menu_order":1,"comment_status":"open","ping_status":"open","template":"","meta":{"ngg_post_thumbnail":0},"_links":{"self":[{"href":"https:\/\/alupromet.me\/index.php?rest_route=\/wp\/v2\/pages\/2"}],"collection":[{"href":"https:\/\/alupromet.me\/index.php?rest_route=\/wp\/v2\/pages"}],"about":[{"href":"https:\/\/alupromet.me\/index.php?rest_route=\/wp\/v2\/types\/page"}],"author":[{"embeddable":true,"href":"https:\/\/alupromet.me\/index.php?rest_route=\/wp\/v2\/users\/2"}],"replies":[{"embeddable":true,"href":"https:\/\/alupromet.me\/index.php?rest_route=%2Fwp%2Fv2%2Fcomments&post=2"}],"version-history":[{"count":11,"href":"https:\/\/alupromet.me\/index.php?rest_route=\/wp\/v2\/pages\/2\/revisions"}],"predecessor-version":[{"id":14,"href":"https:\/\/alupromet.me\/index.php?rest_route=\/wp\/v2\/pages\/2\/revisions\/14"}],"wp:attachment":[{"href":"https:\/\/alupromet.me\/index.php?rest_route=%2Fwp%2Fv2%2Fmedia&parent=2"}],"curies":[{"name":"wp","href":"https:\/\/api.w.org\/{rel}","templated":true}]}}