{"id":28,"date":"2010-09-23T22:35:39","date_gmt":"2010-09-23T21:35:39","guid":{"rendered":"http:\/\/alupromet.me\/?page_id=28"},"modified":"2012-02-21T10:04:03","modified_gmt":"2012-02-21T09:04:03","slug":"venecijaneri","status":"publish","type":"page","link":"https:\/\/alupromet.me\/?page_id=28","title":{"rendered":"Al Venecijaneri"},"content":{"rendered":"<p><a href=\"http:\/\/alupromet.me\/wp-content\/uploads\/2010\/09\/5s.jpg\"><img decoding=\"async\" loading=\"lazy\" class=\"alignleft size-thumbnail wp-image-81\" title=\"Venecijaner\" src=\"http:\/\/alupromet.me\/wp-content\/uploads\/2010\/09\/5s-150x150.jpg\" alt=\"\" width=\"150\" height=\"150\" srcset=\"https:\/\/alupromet.me\/wp-content\/uploads\/2010\/09\/5s-150x150.jpg 150w, https:\/\/alupromet.me\/wp-content\/uploads\/2010\/09\/5s-300x300.jpg 300w, https:\/\/alupromet.me\/wp-content\/uploads\/2010\/09\/5s-164x164.jpg 164w, https:\/\/alupromet.me\/wp-content\/uploads\/2010\/09\/5s-185x185.jpg 185w, https:\/\/alupromet.me\/wp-content\/uploads\/2010\/09\/5s.jpg 350w\" sizes=\"(max-width: 150px) 100vw, 150px\" \/><\/a>Vremenski postojani, <strong>Venecijaneri <\/strong>su uvijek u trendu. Ekonomi\u010dnost, funkcionalnost i jednostavno rukovanje, \u010dine ovaj proizvod idealnim re\u0161enjem kako za va\u0161 dom tako i za kancelariju. <!--more--><\/p>\n<p>Iako patentirani 11. Decembra 1769. godine od strane <em>Edwarda Beran-a<\/em>, venecijaneri su proizvod koji su izumjeli Japanci mnogo pre tog vremena. Izradjuju se od aluminijumskih traka 25mm uz \u0161irok spektar boja. Manuelna komanda uz pomoc reduktora i palice. Sistem rotacije traka pru\u017ea beskrajne mogu\u0107nosti promjene.<\/p>\nngg_shortcode_0_placeholder\n","protected":false},"excerpt":{"rendered":"<p>Vremenski postojani, Venecijaneri su uvijek u trendu. Ekonomi\u010dnost, funkcionalnost i jednostavno rukovanje, \u010dine ovaj proizvod idealnim re\u0161enjem kako za va\u0161 dom tako i za kancelariju.<\/p>\n","protected":false},"author":2,"featured_media":81,"parent":26,"menu_order":1,"comment_status":"open","ping_status":"open","template":"","meta":{"ngg_post_thumbnail":0},"_links":{"self":[{"href":"https:\/\/alupromet.me\/index.php?rest_route=\/wp\/v2\/pages\/28"}],"collection":[{"href":"https:\/\/alupromet.me\/index.php?rest_route=\/wp\/v2\/pages"}],"about":[{"href":"https:\/\/alupromet.me\/index.php?rest_route=\/wp\/v2\/types\/page"}],"author":[{"embeddable":true,"href":"https:\/\/alupromet.me\/index.php?rest_route=\/wp\/v2\/users\/2"}],"replies":[{"embeddable":true,"href":"https:\/\/alupromet.me\/index.php?rest_route=%2Fwp%2Fv2%2Fcomments&post=28"}],"version-history":[{"count":25,"href":"https:\/\/alupromet.me\/index.php?rest_route=\/wp\/v2\/pages\/28\/revisions"}],"predecessor-version":[{"id":156,"href":"https:\/\/alupromet.me\/index.php?rest_route=\/wp\/v2\/pages\/28\/revisions\/156"}],"up":[{"embeddable":true,"href":"https:\/\/alupromet.me\/index.php?rest_route=\/wp\/v2\/pages\/26"}],"wp:featuredmedia":[{"embeddable":true,"href":"https:\/\/alupromet.me\/index.php?rest_route=\/wp\/v2\/media\/81"}],"wp:attachment":[{"href":"https:\/\/alupromet.me\/index.php?rest_route=%2Fwp%2Fv2%2Fmedia&parent=28"}],"curies":[{"name":"wp","href":"https:\/\/api.w.org\/{rel}","templated":true}]}}