{"id":39,"date":"2010-10-20T18:11:23","date_gmt":"2010-10-20T17:11:23","guid":{"rendered":"http:\/\/alupromet.me\/?page_id=39"},"modified":"2012-02-21T10:05:15","modified_gmt":"2012-02-21T09:05:15","slug":"trakaste-zavjese","status":"publish","type":"page","link":"https:\/\/alupromet.me\/?page_id=39","title":{"rendered":"Trakaste zavjese"},"content":{"rendered":"<p>Trakaste zavjese daju moderan izgled prostoru, pru\u017eaju\u0107i prijatnost i za\u0161titu od sunca. Izra\u0111uju se od aluminijske garni\u0161ne koja mo\u017ee biti inistalirana na plafon ili zid, i poliester traka \u0161irine 89 mm i 127 mm \u0161irokog spektra dezena i boja<!--more-->U ponudi su i flame retardant-nezapaljivi materijal. Manuelna komanda uz pomo\u0107 lan\u010di\u0107a.<\/p>\nngg_shortcode_0_placeholder\n","protected":false},"excerpt":{"rendered":"<p>Trakaste zavjese daju moderan izgled prostoru, pru\u017eaju\u0107i prijatnost i za\u0161titu od sunca. Izra\u0111uju se od aluminijske garni\u0161ne koja mo\u017ee biti inistalirana na plafon ili zid, i poliester traka \u0161irine 89 mm i 127 mm \u0161irokog spektra dezena i boja<\/p>\n","protected":false},"author":2,"featured_media":106,"parent":26,"menu_order":2,"comment_status":"open","ping_status":"open","template":"","meta":{"ngg_post_thumbnail":0},"_links":{"self":[{"href":"https:\/\/alupromet.me\/index.php?rest_route=\/wp\/v2\/pages\/39"}],"collection":[{"href":"https:\/\/alupromet.me\/index.php?rest_route=\/wp\/v2\/pages"}],"about":[{"href":"https:\/\/alupromet.me\/index.php?rest_route=\/wp\/v2\/types\/page"}],"author":[{"embeddable":true,"href":"https:\/\/alupromet.me\/index.php?rest_route=\/wp\/v2\/users\/2"}],"replies":[{"embeddable":true,"href":"https:\/\/alupromet.me\/index.php?rest_route=%2Fwp%2Fv2%2Fcomments&post=39"}],"version-history":[{"count":10,"href":"https:\/\/alupromet.me\/index.php?rest_route=\/wp\/v2\/pages\/39\/revisions"}],"predecessor-version":[{"id":65,"href":"https:\/\/alupromet.me\/index.php?rest_route=\/wp\/v2\/pages\/39\/revisions\/65"}],"up":[{"embeddable":true,"href":"https:\/\/alupromet.me\/index.php?rest_route=\/wp\/v2\/pages\/26"}],"wp:featuredmedia":[{"embeddable":true,"href":"https:\/\/alupromet.me\/index.php?rest_route=\/wp\/v2\/media\/106"}],"wp:attachment":[{"href":"https:\/\/alupromet.me\/index.php?rest_route=%2Fwp%2Fv2%2Fmedia&parent=39"}],"curies":[{"name":"wp","href":"https:\/\/api.w.org\/{rel}","templated":true}]}}