{"id":52,"date":"2010-10-20T18:18:46","date_gmt":"2010-10-20T17:18:46","guid":{"rendered":"http:\/\/alupromet.me\/?page_id=52"},"modified":"2012-02-21T10:01:22","modified_gmt":"2012-02-21T09:01:22","slug":"panelne-zavjese","status":"publish","type":"page","link":"https:\/\/alupromet.me\/?page_id=52","title":{"rendered":"Panelne zavjese"},"content":{"rendered":"<p><a href=\"http:\/\/alupromet.me\/wp-content\/uploads\/2010\/10\/panelne02.gif\"><img decoding=\"async\" loading=\"lazy\" class=\"alignleft size-thumbnail wp-image-111\" title=\"panelne02\" src=\"http:\/\/alupromet.me\/wp-content\/uploads\/2010\/10\/panelne02-150x150.gif\" alt=\"\" width=\"150\" height=\"150\" srcset=\"https:\/\/alupromet.me\/wp-content\/uploads\/2010\/10\/panelne02-150x150.gif 150w, https:\/\/alupromet.me\/wp-content\/uploads\/2010\/10\/panelne02-164x164.gif 164w, https:\/\/alupromet.me\/wp-content\/uploads\/2010\/10\/panelne02-185x185.gif 185w\" sizes=\"(max-width: 150px) 100vw, 150px\" \/><\/a>Sistem zavjesa dizajniran za dekoraciju velikih staklenih povr\u0161ina. <!--more-->Garni\u0161na od aluminijuma sa mehanizmom mo\u017ee biti sa 2,3,4 ili 5 kanala, u zavisnosti do \u0161irine prostora. Velike mogu\u0107nosti kombinacije \u00a0materijala.<\/p>\nngg_shortcode_0_placeholder\n","protected":false},"excerpt":{"rendered":"<p>Sistem zavjesa dizajniran za dekoraciju velikih staklenih povr\u0161ina.<\/p>\n","protected":false},"author":2,"featured_media":111,"parent":26,"menu_order":14,"comment_status":"open","ping_status":"open","template":"","meta":{"ngg_post_thumbnail":0},"_links":{"self":[{"href":"https:\/\/alupromet.me\/index.php?rest_route=\/wp\/v2\/pages\/52"}],"collection":[{"href":"https:\/\/alupromet.me\/index.php?rest_route=\/wp\/v2\/pages"}],"about":[{"href":"https:\/\/alupromet.me\/index.php?rest_route=\/wp\/v2\/types\/page"}],"author":[{"embeddable":true,"href":"https:\/\/alupromet.me\/index.php?rest_route=\/wp\/v2\/users\/2"}],"replies":[{"embeddable":true,"href":"https:\/\/alupromet.me\/index.php?rest_route=%2Fwp%2Fv2%2Fcomments&post=52"}],"version-history":[{"count":7,"href":"https:\/\/alupromet.me\/index.php?rest_route=\/wp\/v2\/pages\/52\/revisions"}],"predecessor-version":[{"id":153,"href":"https:\/\/alupromet.me\/index.php?rest_route=\/wp\/v2\/pages\/52\/revisions\/153"}],"up":[{"embeddable":true,"href":"https:\/\/alupromet.me\/index.php?rest_route=\/wp\/v2\/pages\/26"}],"wp:featuredmedia":[{"embeddable":true,"href":"https:\/\/alupromet.me\/index.php?rest_route=\/wp\/v2\/media\/111"}],"wp:attachment":[{"href":"https:\/\/alupromet.me\/index.php?rest_route=%2Fwp%2Fv2%2Fmedia&parent=52"}],"curies":[{"name":"wp","href":"https:\/\/api.w.org\/{rel}","templated":true}]}}