{"id":60,"date":"2010-10-20T18:21:19","date_gmt":"2010-10-20T17:21:19","guid":{"rendered":"http:\/\/alupromet.me\/?page_id=60"},"modified":"2012-02-21T10:04:41","modified_gmt":"2012-02-21T09:04:41","slug":"rolo-garazna-vrata","status":"publish","type":"page","link":"https:\/\/alupromet.me\/?page_id=60","title":{"rendered":"Roletne i Rolo gara\u017ena vrata"},"content":{"rendered":"<p><a href=\"http:\/\/alupromet.me\/wp-content\/uploads\/2010\/10\/rolo05.jpg\"><img decoding=\"async\" loading=\"lazy\" class=\"alignleft size-thumbnail wp-image-114\" title=\"rolo05\" src=\"http:\/\/alupromet.me\/wp-content\/uploads\/2010\/10\/rolo05-150x150.jpg\" alt=\"\" width=\"150\" height=\"150\" srcset=\"https:\/\/alupromet.me\/wp-content\/uploads\/2010\/10\/rolo05-150x150.jpg 150w, https:\/\/alupromet.me\/wp-content\/uploads\/2010\/10\/rolo05-164x164.jpg 164w, https:\/\/alupromet.me\/wp-content\/uploads\/2010\/10\/rolo05-185x185.jpg 185w\" sizes=\"(max-width: 150px) 100vw, 150px\" \/><\/a>Aluminijske termo roletne ispunjene poliuretanom, spre\u010davaju zagrijevanje prostorija u letnjem periodu, uz mogu\u0107nost totalnog zamra\u010denja, dok u zimskom periodu \u010dine da Va\u0161 prostor bude topao i prijatan. <!--more-->Rolo gara\u017ena vrata daju dodatnu sigurnost doma ili poslovnog prostora i dobra su prevencija od provale. \u010celi\u010dne letvice 77mm ispunjene poliuretanom daju i dodatnu toplotnu izolaciju prostora.<\/p>\nngg_shortcode_0_placeholder\n","protected":false},"excerpt":{"rendered":"<p>Aluminijske termo roletne ispunjene poliuretanom, spre\u010davaju zagrijevanje prostorija u letnjem periodu, uz mogu\u0107nost totalnog zamra\u010denja, dok u zimskom periodu \u010dine da Va\u0161 prostor bude topao i prijatan.<\/p>\n","protected":false},"author":2,"featured_media":114,"parent":26,"menu_order":18,"comment_status":"open","ping_status":"open","template":"","meta":{"ngg_post_thumbnail":0},"_links":{"self":[{"href":"https:\/\/alupromet.me\/index.php?rest_route=\/wp\/v2\/pages\/60"}],"collection":[{"href":"https:\/\/alupromet.me\/index.php?rest_route=\/wp\/v2\/pages"}],"about":[{"href":"https:\/\/alupromet.me\/index.php?rest_route=\/wp\/v2\/types\/page"}],"author":[{"embeddable":true,"href":"https:\/\/alupromet.me\/index.php?rest_route=\/wp\/v2\/users\/2"}],"replies":[{"embeddable":true,"href":"https:\/\/alupromet.me\/index.php?rest_route=%2Fwp%2Fv2%2Fcomments&post=60"}],"version-history":[{"count":8,"href":"https:\/\/alupromet.me\/index.php?rest_route=\/wp\/v2\/pages\/60\/revisions"}],"predecessor-version":[{"id":75,"href":"https:\/\/alupromet.me\/index.php?rest_route=\/wp\/v2\/pages\/60\/revisions\/75"}],"up":[{"embeddable":true,"href":"https:\/\/alupromet.me\/index.php?rest_route=\/wp\/v2\/pages\/26"}],"wp:featuredmedia":[{"embeddable":true,"href":"https:\/\/alupromet.me\/index.php?rest_route=\/wp\/v2\/media\/114"}],"wp:attachment":[{"href":"https:\/\/alupromet.me\/index.php?rest_route=%2Fwp%2Fv2%2Fmedia&parent=60"}],"curies":[{"name":"wp","href":"https:\/\/api.w.org\/{rel}","templated":true}]}}